{"id":1134,"date":"2024-02-01T20:39:54","date_gmt":"2024-02-01T20:39:54","guid":{"rendered":"https:\/\/chinese-library.de\/%e5%9b%be%e4%b9%a6%e9%a6%86%e7%ae%80%e4%bb%8b\/"},"modified":"2025-08-13T07:29:32","modified_gmt":"2025-08-13T07:29:32","slug":"ueber-die-buecherei","status":"publish","type":"page","link":"https:\/\/chinese-library.de\/de\/ueber-die-buecherei\/","title":{"rendered":"\u00dcber die B\u00fccherei"},"content":{"rendered":"<div class=\"wpb-content-wrapper\"><p>[vc_row full_width=&#8220;stretch_row_content_no_spaces&#8220; conditional_render=&#8220;%5B%7B%22value_role%22%3A%22administrator%22%7D%5D&#8220;][vc_column]<div class=\"porto-ibanner interactive-banner-wrap-07dd21040fa50768c9d370ae74e47015 has-parallax-bg\" style=\"min-height:650px;\" data-plugin-parallax data-plugin-options=\"{&quot;speed&quot;:&quot;1.5&quot;}\" data-image-src=\"https:\/\/chinese-library.de\/wp-content\/uploads\/2024\/02\/inner-banner2.jpg\"><img alt=\"\" width=\"1920\" height=\"1247\" class=\"porto-ibanner-img\" src=\"https:\/\/chinese-library.de\/wp-content\/uploads\/2024\/02\/inner-banner2.jpg\" srcset=\"https:\/\/chinese-library.de\/wp-content\/uploads\/2024\/02\/inner-banner2.jpg 1920w, https:\/\/chinese-library.de\/wp-content\/uploads\/2024\/02\/inner-banner2-1024x665.jpg 1024w, https:\/\/chinese-library.de\/wp-content\/uploads\/2024\/02\/inner-banner2-1536x998.jpg 1536w\" sizes=\"(max-width: 1920px) 100vw, 1920px\"><div class=\"porto-ibanner-desc no-padding d-flex\"><div class=\"container\"><div class=\"porto-ibanner-container\"><div class=\"porto-ibanner-layer wpb_custom_2c5109c031829f9c54153ed0e6239ff6 banner-pos-f6356757d4f73384a3f5bc65723ae83a\" style=\"width:90%;\">[vc_column_text el_class=&#8220;inner-banner-text&#8220;]<\/p>\n<h1 style=\"text-align: center;\">\u4e00\u8d77\u5206\u4eab\u00a0 <strong>\u9605\u8bfb\u7684\u4e50\u8da3\u3002<\/strong><\/h1>\n<p>[\/vc_column_text]<style>.banner-pos-f6356757d4f73384a3f5bc65723ae83a {left: 50%;right: unset;top: 50%;bottom: unset;transform: translate(-50%, -50%);}<\/style><\/div><\/div><\/div><\/div><\/div>[\/vc_column][\/vc_row][vc_row content_placement=&#8220;middle&#8220; css=&#8220;.vc_custom_1717879111202{margin-top: 60px !important;margin-bottom: 60px !important;}&#8220; conditional_render=&#8220;%5B%7B%22value_role%22%3A%22administrator%22%7D%5D&#8220; animation_type=&#8220;fadeInUp&#8220;][vc_column width=&#8220;1\/3&#8243;][vc_single_image image=&#8220;857&#8243; img_size=&#8220;full&#8220; alignment=&#8220;center&#8220;][\/vc_column][vc_column width=&#8220;2\/3&#8243;][vc_column_text css=&#8220;&#8220; el_class=&#8220;about-textbox&#8220;]<\/p>\n<ul>\n<li>Die im Jahr 1979 gegr\u00fcndete Chinesische B\u00fccherei ist Europas einzige chinesische Versandb\u00fccherei. Die Arbeit wird getragen vom \u201eForum f\u00fcr Mission unter Chinesen in Deutschland e.V.\u201c (F.M.C.D.e.V).<\/li>\n<li>Bestand: Die B\u00fccherei umfasst etwa 20.000 Medien. B\u00fccher in chinesischer Lang- und Kurzschrift sowie andere Medien aus den folgenden Kategorien sind verf\u00fcgbar:<br \/>\n&#8211; Romane und Erz\u00e4hlungen<br \/>\n&#8211; Kinder- und Jugendb\u00fccher<br \/>\n&#8211; Sachb\u00fccher und Biografien<br \/>\n&#8211; Ratgeber<br \/>\n&#8211; Seelsorge<br \/>\n&#8211; Religion<br \/>\n&#8211; Theologie<br \/>\n&#8211; Zeitschriften<br \/>\n&#8211; Spielfilme<\/li>\n<li>Die B\u00fccherei bietet einen kostenlosen Ausleih- und Versandservice an.<\/li>\n<li>Neben dem Ausleihservice f\u00fcr B\u00fccher bieten wir auch evangelistisches Material an, darunter Bibeln, Neue Testamente, Hefte, Traktate, Zeitschriften und Kalender \u2013 alles auf Chinesisch.<\/li>\n<li>Die B\u00fccherei dient sozialer Anlaufpunkt und Netzwerk f\u00fcr die chinesischen Studenten und Migranten sowie deren Gemeinden in Deutschland.<\/li>\n<\/ul>\n<p>[\/vc_column_text]<div class=\"porto-btn-ctn-left \"><a class=\"porto-btn  vc_custom_1719423345548 porto-adjust-bottom-margin porto-btn-large porto-btn-bottom-bg   wpb_custom_d2dd394058a811a970d22f58d6021d12  porto-btn-left \" title='Geschichte' rel='' href = \"https:\/\/chinese-library.de\/de\/ueber-die-buecherei\/geschichte\/\"  data-hover=\"\" data-border-color=\"\" data-bg=\"#9ac18c\" data-hover-bg=\"#5cc90c\" data-border-hover=\"\" data-shadow-click=\"none\" data-shadow=\"\" style=\"border:none;background: #9ac18c;color: #ffffff;\"><span class=\"porto-btn-hover\" style=\"background-color:#5cc90c\"><\/span><span class=\"porto-btn-data porto-btn-text \" >Lernen Sie unsere Geschichte kennen<\/span><\/a><\/div>[\/vc_column][\/vc_row][vc_row css=&#8220;.vc_custom_1708294243067{margin-bottom: 60px !important;}&#8220; conditional_render=&#8220;%5B%7B%22value_role%22%3A%22administrator%22%7D%5D&#8220; el_id=&#8220;donate&#8220;][vc_column][vc_custom_heading text=&#8220;Spenden&#8220; font_container=&#8220;tag:h2|text_align:center&#8220; use_theme_fonts=&#8220;yes&#8220;][\/vc_column][\/vc_row][vc_row content_placement=&#8220;middle&#8220; css=&#8220;.vc_custom_1708288514879{margin-top: 60px !important;margin-bottom: 60px !important;}&#8220; conditional_render=&#8220;%5B%7B%22value_role%22%3A%22administrator%22%7D%5D&#8220; animation_type=&#8220;fadeInUp&#8220;][vc_column width=&#8220;1\/2&#8243;][vc_single_image image=&#8220;933&#8243; img_size=&#8220;full&#8220; alignment=&#8220;center&#8220;][\/vc_column][vc_column width=&#8220;1\/2&#8243;][vc_column_text css=&#8220;&#8220;]Der Verein \u201eForum f\u00fcr Mission Unter Chinesen in Deutschland e.V.\u201c ist unter der VR6567 im Vereinsregister des Amtsgerichts Hannover registriert. Die Gemeinn\u00fctzigkeit wurde gem\u00e4\u00df eines Bescheids des Finanzamtes Hannover anerkannt. Der F.M.C.D.e.V. wird ausschlie\u00dflich durch Spenden finanziert.[\/vc_column_text][\/vc_column][\/vc_row][vc_row][vc_column]<div class=\"porto-sicon-box  wpb_custom_1efe903570d178ff0a9b7bfa5febd3a4 style_1 default-icon\"><div class=\"porto-sicon-default\"><div class=\"porto-just-icon-wrapper porto-sicon-img  porto-icon-9f5d1cfb45d27d96b50bf473aebba227\" style=\"font-size: 35px;\"><img class=\"img-icon\" alt=\"\" src=\"https:\/\/chinese-library.de\/wp-content\/uploads\/2024\/02\/bxs-donate-heart.png\" width=\"39\" height=\"36\" \/><\/div><\/div><div class=\"porto-sicon-header\"><h6 class=\"porto-sicon-title\" style=\"\">Unsere Bankverbindung<\/h6><\/div> <!-- header --><\/div><!-- porto-sicon-box -->[\/vc_column][\/vc_row][vc_row][vc_column width=&#8220;1\/2&#8243; animation_type=&#8220;fadeInUp&#8220; conditional_render=&#8220;%5B%7B%22value_role%22%3A%22administrator%22%7D%5D&#8220;][vc_column_text css=&#8220;&#8220; el_class=&#8220;hightlight-box&#8220;]<\/p>\n<table>\n<tbody>\n<tr>\n<td><strong>Innerhalb der EU:<\/strong><br \/>\nEmpf\u00e4nger: FMCD e.V.<br \/>\nBank:Evangelische Bank (EB)<br \/>\nIBAN: DE77520604100000616800<br \/>\nBIC: GENODEF1EK1<br \/>\nVerwendungszweck : Spende fuer Chinesische Buecherei<\/td>\n<td><a href=\"https:\/\/chinese-library.de\/wp-content\/uploads\/2024\/05\/donate-qr.png\"><img decoding=\"async\" loading=\"lazy\" class=\"alignnone wp-image-827 size-full\" src=\"https:\/\/chinese-library.de\/wp-content\/uploads\/2024\/05\/donate-qr.png\" alt=\"\" width=\"178\" height=\"178\" \/><\/a><\/td>\n<\/tr>\n<\/tbody>\n<\/table>\n<p>[\/vc_column_text][\/vc_column][vc_column width=&#8220;1\/2&#8243; animation_delay=&#8220;200&#8243; animation_type=&#8220;fadeInUp&#8220; conditional_render=&#8220;%5B%7B%22value_role%22%3A%22administrator%22%7D%5D&#8220;][vc_column_text el_class=&#8220;hightlight-box&#8220;]<strong>Au\u00dferhalb der EU\uff1a<\/strong><br \/>\nBeneficiary : FMCD e.V.<br \/>\nBank: Evangelische Bank (EB)<br \/>\nBIC: GENODEF1EK1<br \/>\nIBAN: DE77 5206 0410 0000 616800[\/vc_column_text][\/vc_column][\/vc_row][vc_row el_id=&#8220;section-form&#8220; conditional_render=&#8220;%5B%7B%22value_role%22%3A%22administrator%22%7D%5D&#8220;][vc_column][vc_column_text]<div class=\"porto-block\" data-id=\"1127\"><style>.vc_custom_1708384169651{margin-top: 60px !important;margin-bottom: 0px !important;padding-bottom: 60px !important;background-image: url(https:\/\/chinese-library.de\/wp-content\/uploads\/2024\/02\/bg3.png?id=165) !important;background-position: center !important;background-repeat: no-repeat !important;background-size: cover !important;}#subsc-row {\r\n    background-position: top !important;\r\n}<\/style>[vc_row full_width=\"stretch_row\" css=\".vc_custom_1708384169651{margin-top: 60px !important;margin-bottom: 0px !important;padding-bottom: 60px !important;background-image: url(https:\/\/chinese-library.de\/wp-content\/uploads\/2024\/02\/bg3.png?id=165) !important;background-position: center !important;background-repeat: no-repeat !important;background-size: cover !important;}\" conditional_render=\"%5B%7B%22value_role%22%3A%22administrator%22%7D%5D\" el_id=\"subsc-row\"][vc_column width=\"1\/2\" animation_type=\"fadeInLeft\" conditional_render=\"%5B%7B%22value_role%22%3A%22administrator%22%7D%5D\"][vc_empty_space height=\"60px\"][vc_custom_heading text=\"Newsletter abonnieren\" use_theme_fonts=\"yes\"][\/vc_column][vc_column width=\"1\/2\"][vc_empty_space height=\"60px\"]\n<div class=\"wpcf7 no-js\" id=\"wpcf7-f1340-o1\" lang=\"zh-CN\" dir=\"ltr\">\n<div class=\"screen-reader-response\"><p role=\"status\" aria-live=\"polite\" aria-atomic=\"true\"><\/p> <ul><\/ul><\/div>\n<form action=\"\/de\/wp-json\/wp\/v2\/pages\/1134#wpcf7-f1340-o1\" method=\"post\" class=\"wpcf7-form init\" aria-label=\"\u7559\u8a00\u8868\u5355\" novalidate=\"novalidate\" data-status=\"init\">\n<div style=\"display: none;\">\n<input type=\"hidden\" name=\"_wpcf7\" value=\"1340\" \/>\n<input type=\"hidden\" name=\"_wpcf7_version\" value=\"5.7.7\" \/>\n<input type=\"hidden\" name=\"_wpcf7_locale\" value=\"zh_CN\" \/>\n<input type=\"hidden\" name=\"_wpcf7_unit_tag\" value=\"wpcf7-f1340-o1\" \/>\n<input type=\"hidden\" name=\"_wpcf7_container_post\" value=\"0\" \/>\n<input type=\"hidden\" name=\"_wpcf7_posted_data_hash\" value=\"\" \/>\n<input type=\"hidden\" name=\"_wpcf7_recaptcha_response\" value=\"\" \/>\n<\/div>\n<div class=\"quick-subs-form\">\n\t<p><span class=\"wpcf7-form-control-wrap\" data-name=\"your-email\"><input size=\"40\" class=\"wpcf7-form-control wpcf7-text wpcf7-email wpcf7-validates-as-required wpcf7-validates-as-email\" aria-required=\"true\" aria-invalid=\"false\" placeholder=\"Email Adresse\" value=\"\" type=\"email\" name=\"your-email\" \/><\/span><input class=\"wpcf7-form-control has-spinner wpcf7-submit\" type=\"submit\" value=\"Abonnieren\" \/>\n\t<\/p>\n<\/div><p style=\"display: none !important;\" class=\"akismet-fields-container\" data-prefix=\"_wpcf7_ak_\"><label>&#916;<textarea name=\"_wpcf7_ak_hp_textarea\" cols=\"45\" rows=\"8\" maxlength=\"100\"><\/textarea><\/label><input type=\"hidden\" id=\"ak_js_1\" name=\"_wpcf7_ak_js\" value=\"194\"\/><script>document.getElementById( \"ak_js_1\" ).setAttribute( \"value\", ( new Date() ).getTime() );<\/script><\/p><div class=\"wpcf7-response-output\" aria-hidden=\"true\"><\/div>\n<\/form>\n<\/div>\n[\/vc_column][\/vc_row]<\/div>[\/vc_column_text][\/vc_column][\/vc_row]<\/p>\n<\/div>","protected":false},"excerpt":{"rendered":"<p>[vc_row full_width=&#8220;stretch_row_content_no_spaces&#8220; conditional_render=&#8220;%5B%7B%22value_role%22%3A%22administrator%22%7D%5D&#8220;][vc_column][\/vc_column][\/vc_row][vc_row content_placement=&#8220;middle&#8220; css=&#8220;.vc_custom_1717879111202{margin-top: 60px !important;margin-bottom: 60px !important;}&#8220; conditional_render=&#8220;%5B%7B%22value_role%22%3A%22administrator%22%7D%5D&#8220; animation_type=&#8220;fadeInUp&#8220;][vc_column width=&#8220;1\/3&#8243;][vc_single_image image=&#8220;857&#8243; img_size=&#8220;full&#8220; alignment=&#8220;center&#8220;][\/vc_column][vc_column width=&#8220;2\/3&#8243;][vc_column_text css=&#8220;&#8220; el_class=&#8220;about-textbox&#8220;] Die im Jahr 1979 gegr\u00fcndete Chinesische B\u00fccherei ist Europas einzige chinesische Versandb\u00fccherei. Die Arbeit wird getragen vom \u201eForum f\u00fcr Mission unter Chinesen in Deutschland e.V.\u201c (F.M.C.D.e.V). Bestand: Die B\u00fccherei umfasst etwa 20.000 Medien. B\u00fccher in chinesischer Lang- [&hellip;]<\/p>\n","protected":false},"author":1,"featured_media":0,"parent":0,"menu_order":0,"comment_status":"closed","ping_status":"closed","template":"","meta":{"footnotes":""},"_links":{"self":[{"href":"https:\/\/chinese-library.de\/de\/wp-json\/wp\/v2\/pages\/1134"}],"collection":[{"href":"https:\/\/chinese-library.de\/de\/wp-json\/wp\/v2\/pages"}],"about":[{"href":"https:\/\/chinese-library.de\/de\/wp-json\/wp\/v2\/types\/page"}],"author":[{"embeddable":true,"href":"https:\/\/chinese-library.de\/de\/wp-json\/wp\/v2\/users\/1"}],"replies":[{"embeddable":true,"href":"https:\/\/chinese-library.de\/de\/wp-json\/wp\/v2\/comments?post=1134"}],"version-history":[{"count":13,"href":"https:\/\/chinese-library.de\/de\/wp-json\/wp\/v2\/pages\/1134\/revisions"}],"predecessor-version":[{"id":1722,"href":"https:\/\/chinese-library.de\/de\/wp-json\/wp\/v2\/pages\/1134\/revisions\/1722"}],"wp:attachment":[{"href":"https:\/\/chinese-library.de\/de\/wp-json\/wp\/v2\/media?parent=1134"}],"curies":[{"name":"wp","href":"https:\/\/api.w.org\/{rel}","templated":true}]}}