{"id":1137,"date":"2024-02-01T20:40:04","date_gmt":"2024-02-01T20:40:04","guid":{"rendered":"https:\/\/chinese-library.de\/%e5%9b%be%e4%b9%a6%e9%a6%86%e7%ae%80%e4%bb%8b\/%e5%8e%86%e5%8f%b2\/"},"modified":"2025-08-13T07:23:22","modified_gmt":"2025-08-13T07:23:22","slug":"geschichte","status":"publish","type":"page","link":"https:\/\/chinese-library.de\/de\/ueber-die-buecherei\/geschichte\/","title":{"rendered":"Geschichte"},"content":{"rendered":"<div class=\"wpb-content-wrapper\"><p>[vc_row full_width=&#8220;stretch_row_content_no_spaces&#8220; parallax=&#8220;content-moving&#8220; parallax_image=&#8220;1458&#8243; conditional_render=&#8220;%5B%7B%22value_role%22%3A%22administrator%22%7D%5D&#8220;][vc_column][vc_empty_space height=&#8220;650px&#8220;][\/vc_column][\/vc_row][vc_row animation_type=&#8220;fadeInDown&#8220; conditional_render=&#8220;%5B%7B%22value_role%22%3A%22administrator%22%7D%5D&#8220;][vc_column]<div class=\"wpb_custom_aa84c36a6a947f6099708744f0f74b68\"><div class=\"timeline-balloon p-b-lg m-b-sm   wpb_custom_e03dc5a8a169bfdfccbaed44883810c3\"><div class=\"balloon-cell balloon-time\"><span class=\"time-text step-item-subtitle\">1978<\/span><div class=\"time-dot background-color-light\"><\/div><\/div><div class=\"balloon-cell\"><div class=\"balloon-content background-color-light\"><span class=\"balloon-arrow\"><\/span><div class=\"balloon-description\"><div class=\"step-item-desc\">Flucht vieler S\u00fcdvietnamesen \u00fcber das Meer (Boat People)<\/div><\/div><\/div><\/div><\/div><div class=\"timeline-balloon p-b-lg m-b-sm   wpb_custom_e03dc5a8a169bfdfccbaed44883810c3\"><div class=\"balloon-cell balloon-time\"><span class=\"time-text step-item-subtitle\">1979<\/span><div class=\"time-dot background-color-light\"><\/div><\/div><div class=\"balloon-cell\"><div class=\"balloon-content background-color-light\"><span class=\"balloon-arrow\"><\/span><div class=\"balloon-description\"><div class=\"step-item-desc\">Krieg zwischen China und Vietnam, Ausweisung aller Vietnamesen chinesischer Abstammung<\/div><\/div><\/div><\/div><\/div><div class=\"timeline-balloon p-b-lg m-b-sm   wpb_custom_e03dc5a8a169bfdfccbaed44883810c3\"><div class=\"balloon-cell balloon-time\"><span class=\"time-text step-item-subtitle\">1978-1979<\/span><div class=\"time-dot background-color-light\"><\/div><\/div><div class=\"balloon-cell\"><div class=\"balloon-content background-color-light\"><span class=\"balloon-arrow\"><\/span><div class=\"balloon-description\"><div class=\"step-item-desc\">In Deutschland werden tausende von Fl\u00fcchtlingen aus Vietnam aufgenommen.<\/div><\/div><\/div><\/div><\/div><div class=\"timeline-balloon p-b-lg m-b-sm   wpb_custom_e03dc5a8a169bfdfccbaed44883810c3\"><div class=\"balloon-cell balloon-time\"><span class=\"time-text step-item-subtitle\">1979<\/span><div class=\"time-dot background-color-light\"><\/div><\/div><div class=\"balloon-cell\"><div class=\"balloon-content background-color-light\"><span class=\"balloon-arrow\"><\/span><div class=\"balloon-description\"><div class=\"step-item-desc\">Durch die \u00dcMG-Missionare Siegfried und Elisabeth Glaw, die aus Taiwan zum Heimaturlaub zur\u00fcckgekehrt sind, entstehen die ersten chinesischsprachigen Bibelkreise. Die Chinesische Leihb\u00fccherei wird gegr\u00fcndet.<\/div><\/div><\/div><\/div><\/div><div class=\"timeline-balloon p-b-lg m-b-sm   wpb_custom_e03dc5a8a169bfdfccbaed44883810c3\"><div class=\"balloon-cell balloon-time\"><span class=\"time-text step-item-subtitle\">Ab 1980<\/span><div class=\"time-dot background-color-light\"><\/div><\/div><div class=\"balloon-cell\"><div class=\"balloon-content background-color-light\"><span class=\"balloon-arrow\"><\/span><div class=\"balloon-description\"><div class=\"step-item-desc\">Die ersten Gastwissenschaftler aus der Volksrepublik China trafen in deutschen Forschungseinrichtungen ein.<\/div><\/div><\/div><\/div><\/div><div class=\"timeline-balloon p-b-lg m-b-sm   wpb_custom_e03dc5a8a169bfdfccbaed44883810c3\"><div class=\"balloon-cell balloon-time\"><span class=\"time-text step-item-subtitle\">1985<\/span><div class=\"time-dot background-color-light\"><\/div><\/div><div class=\"balloon-cell\"><div class=\"balloon-content background-color-light\"><span class=\"balloon-arrow\"><\/span><div class=\"balloon-description\"><div class=\"step-item-desc\">F.M.C.D.e.V. wird als unabh\u00e4ngige Plattform gegr\u00fcndet, um die Zusammenarbeit verschiedener Missionswerke zu erleichtern.<\/div><\/div><\/div><\/div><\/div><div class=\"timeline-balloon p-b-lg m-b-sm   wpb_custom_e03dc5a8a169bfdfccbaed44883810c3\"><div class=\"balloon-cell balloon-time\"><span class=\"time-text step-item-subtitle\">1995-2005<\/span><div class=\"time-dot background-color-light\"><\/div><\/div><div class=\"balloon-cell\"><div class=\"balloon-content background-color-light\"><span class=\"balloon-arrow\"><\/span><div class=\"balloon-description\"><div class=\"step-item-desc\">Ein Netzwerk aus \u00fcber 70 Bibelkreisen und Gemeinden entsteht.<\/div><\/div><\/div><\/div><\/div><\/div>[\/vc_column][\/vc_row][vc_row css=&#8220;.vc_custom_1717879749736{margin-top: 120px !important;margin-bottom: 60px !important;}&#8220; conditional_render=&#8220;%5B%7B%22value_role%22%3A%22administrator%22%7D%5D&#8220;][vc_column width=&#8220;1\/3&#8243; animation_type=&#8220;fadeInUp&#8220; conditional_render=&#8220;%5B%7B%22value_role%22%3A%22administrator%22%7D%5D&#8220;]<div class=\"porto-sicon-box hightlight-box  wpb_custom_6bd3ea43243bb56571d580d187f8d1d7 style_3 top-icon\"><div class=\"porto-sicon-top\"><div class=\"porto-just-icon-wrapper porto-icon none\" style=\"color:#5cc90c;font-size:40px;\"><i class=\"fas fa-eye\"><\/i><\/div><\/div><div class=\"porto-sicon-header\"><h6 class=\"porto-sicon-title\" style=\"\">Unsere Vision<\/h6><\/div> <!-- header --><div class=\"porto-sicon-description\" style=\"\">\n<ul>\n<li style=\"text-align: left;\">Chinesische Studenten, Wissenschaftler und Ingenieure kommen nach Deutschland, um zu studieren, zu forschen oder f\u00fcr einige Jahre hier zu arbeiten.<\/li>\n<li style=\"text-align: left;\">Durch Christen unterschiedlicher Nationen h\u00f6ren sie das Evangelium von Jesus Christus.<\/li>\n<li style=\"text-align: left;\">Sie nehmen Jesus Christus als Herrn und Retter an, w\u00e4hrend sie die Bibel in Gemeinden und Bibelkreisen studieren.<\/li>\n<li style=\"text-align: left;\">Durch erfahrene Christen erleben sie J\u00fcngerschaft.<\/li>\n<\/ul>\n<p><\/div> <!-- description --><\/div><!-- porto-sicon-box -->[\/vc_column][vc_column width=&#8220;1\/3&#8243; animation_delay=&#8220;200&#8243; animation_type=&#8220;fadeInUp&#8220; conditional_render=&#8220;%5B%7B%22value_role%22%3A%22administrator%22%7D%5D&#8220;]<div class=\"porto-sicon-box hightlight-box  wpb_custom_6bd3ea43243bb56571d580d187f8d1d7 style_3 top-icon\"><div class=\"porto-sicon-top\"><div class=\"porto-just-icon-wrapper porto-icon none\" style=\"color:#5cc90c;font-size:40px;\"><i class=\"fas fa-dove\"><\/i><\/div><\/div><div class=\"porto-sicon-header\"><h6 class=\"porto-sicon-title\" style=\"\">Unsere Mission<\/h6><\/div> <!-- header --><div class=\"porto-sicon-description\" style=\"\">\n<p style=\"text-align: left;\">Bewegt durch Gottes Gnade und durch die Kraft des Heiligen Geistes geben wir das Evangelium von Jesus Christus weiter an Chinesen in Deutschland und helfen ihnen, J\u00fcnger des Herrn Jesus Christus zu werden, die in der Lage sind, andere zu J\u00fcngern Jesu zu machen, wenn sie nach China zur\u00fcckkehren.<\/p>\n<p><\/div> <!-- description --><\/div><!-- porto-sicon-box -->[\/vc_column][vc_column width=&#8220;1\/3&#8243; animation_delay=&#8220;400&#8243; animation_type=&#8220;fadeInUp&#8220; conditional_render=&#8220;%5B%7B%22value_role%22%3A%22administrator%22%7D%5D&#8220;]<div class=\"porto-sicon-box hightlight-box  wpb_custom_6bd3ea43243bb56571d580d187f8d1d7 style_3 top-icon\"><div class=\"porto-sicon-top\"><div class=\"porto-just-icon-wrapper porto-icon none\" style=\"color:#5cc90c;font-size:40px;\"><i class=\"fas fa-bullseye\"><\/i><\/div><\/div><div class=\"porto-sicon-header\"><h6 class=\"porto-sicon-title\" style=\"\">Unsere Ziele<\/h6><\/div> <!-- header --><div class=\"porto-sicon-description\" style=\"\">\n<ul>\n<li style=\"text-align: left;\">Ausbreitung des Evangeliums unter allen Chinesen in Deutschland.<\/li>\n<li style=\"text-align: left;\">Aufbau eines Netzwerkes chinesischer Bibelgruppen und Gemeinden.<\/li>\n<li style=\"text-align: left;\">Vernetzung chinesischer christlicher Gruppen mit deutschen evangelikalen Gemeinden und Organisationen.<\/li>\n<\/ul>\n<p><\/div> <!-- description --><\/div><!-- porto-sicon-box -->[\/vc_column][\/vc_row][vc_row full_width=&#8220;stretch_row_content_no_spaces&#8220; parallax=&#8220;content-moving&#8220; parallax_image=&#8220;1456&#8243; conditional_render=&#8220;%5B%7B%22value_role%22%3A%22administrator%22%7D%5D&#8220;][vc_column][vc_empty_space height=&#8220;650px&#8220;][\/vc_column][\/vc_row][vc_row css=&#8220;.vc_custom_1717879757655{margin-top: 60px !important;margin-bottom: 60px !important;}&#8220; conditional_render=&#8220;%5B%7B%22value_role%22%3A%22administrator%22%7D%5D&#8220;][vc_column][vc_custom_heading text=&#8220;Was wir tun&#8220; font_container=&#8220;tag:h2|text_align:center&#8220; use_theme_fonts=&#8220;yes&#8220;][vc_column_text]<\/p>\n<ul>\n<li>Unterst\u00fctzung zum Aufbau chinesischer Studentenbibelkreise.<\/li>\n<li>Unterst\u00fctzung zum Aufbau chinesischer christlicher Gemeinden.<\/li>\n<li>J\u00fcngerschaftstraining f\u00fcr chinesische Christen und Vorbereitung f\u00fcr deren R\u00fcckkehr nach China.<\/li>\n<li>Literaturverbreitung durch Leihb\u00fccherei und Versand evangelistischer Schriften.<\/li>\n<li>Angebot einer unabh\u00e4ngigen Plattform zur Zusammenarbeit f\u00fcr nationale und internationale Missionswerke, die mit Chinesen arbeiten.<\/li>\n<li>Hilfe anbieten f\u00fcr Christen und Gemeinden durch Literatur unter Chinesen zu evangelisieren, auch wenn sie nicht Chinesisch sprechen.<\/li>\n<\/ul>\n<p>[\/vc_column_text][\/vc_column][\/vc_row]<\/p>\n<\/div>","protected":false},"excerpt":{"rendered":"<p>[vc_row full_width=&#8220;stretch_row_content_no_spaces&#8220; parallax=&#8220;content-moving&#8220; parallax_image=&#8220;1458&#8243; conditional_render=&#8220;%5B%7B%22value_role%22%3A%22administrator%22%7D%5D&#8220;][vc_column][vc_empty_space height=&#8220;650px&#8220;][\/vc_column][\/vc_row][vc_row animation_type=&#8220;fadeInDown&#8220; conditional_render=&#8220;%5B%7B%22value_role%22%3A%22administrator%22%7D%5D&#8220;][vc_column][\/vc_column][\/vc_row][vc_row css=&#8220;.vc_custom_1717879749736{margin-top: 120px !important;margin-bottom: 60px !important;}&#8220; conditional_render=&#8220;%5B%7B%22value_role%22%3A%22administrator%22%7D%5D&#8220;][vc_column width=&#8220;1\/3&#8243; animation_type=&#8220;fadeInUp&#8220; conditional_render=&#8220;%5B%7B%22value_role%22%3A%22administrator%22%7D%5D&#8220;][\/vc_column][vc_column width=&#8220;1\/3&#8243; animation_delay=&#8220;200&#8243; animation_type=&#8220;fadeInUp&#8220; conditional_render=&#8220;%5B%7B%22value_role%22%3A%22administrator%22%7D%5D&#8220;][\/vc_column][vc_column width=&#8220;1\/3&#8243; animation_delay=&#8220;400&#8243; animation_type=&#8220;fadeInUp&#8220; conditional_render=&#8220;%5B%7B%22value_role%22%3A%22administrator%22%7D%5D&#8220;][\/vc_column][\/vc_row][vc_row full_width=&#8220;stretch_row_content_no_spaces&#8220; parallax=&#8220;content-moving&#8220; parallax_image=&#8220;1456&#8243; conditional_render=&#8220;%5B%7B%22value_role%22%3A%22administrator%22%7D%5D&#8220;][vc_column][vc_empty_space height=&#8220;650px&#8220;][\/vc_column][\/vc_row][vc_row css=&#8220;.vc_custom_1717879757655{margin-top: 60px !important;margin-bottom: 60px !important;}&#8220; conditional_render=&#8220;%5B%7B%22value_role%22%3A%22administrator%22%7D%5D&#8220;][vc_column][vc_custom_heading text=&#8220;Was wir tun&#8220; font_container=&#8220;tag:h2|text_align:center&#8220; use_theme_fonts=&#8220;yes&#8220;][vc_column_text] Unterst\u00fctzung zum Aufbau chinesischer Studentenbibelkreise. Unterst\u00fctzung zum Aufbau chinesischer christlicher Gemeinden. J\u00fcngerschaftstraining f\u00fcr chinesische [&hellip;]<\/p>\n","protected":false},"author":1,"featured_media":0,"parent":1134,"menu_order":0,"comment_status":"closed","ping_status":"closed","template":"","meta":{"footnotes":""},"_links":{"self":[{"href":"https:\/\/chinese-library.de\/de\/wp-json\/wp\/v2\/pages\/1137"}],"collection":[{"href":"https:\/\/chinese-library.de\/de\/wp-json\/wp\/v2\/pages"}],"about":[{"href":"https:\/\/chinese-library.de\/de\/wp-json\/wp\/v2\/types\/page"}],"author":[{"embeddable":true,"href":"https:\/\/chinese-library.de\/de\/wp-json\/wp\/v2\/users\/1"}],"replies":[{"embeddable":true,"href":"https:\/\/chinese-library.de\/de\/wp-json\/wp\/v2\/comments?post=1137"}],"version-history":[{"count":14,"href":"https:\/\/chinese-library.de\/de\/wp-json\/wp\/v2\/pages\/1137\/revisions"}],"predecessor-version":[{"id":1720,"href":"https:\/\/chinese-library.de\/de\/wp-json\/wp\/v2\/pages\/1137\/revisions\/1720"}],"up":[{"embeddable":true,"href":"https:\/\/chinese-library.de\/de\/wp-json\/wp\/v2\/pages\/1134"}],"wp:attachment":[{"href":"https:\/\/chinese-library.de\/de\/wp-json\/wp\/v2\/media?parent=1137"}],"curies":[{"name":"wp","href":"https:\/\/api.w.org\/{rel}","templated":true}]}}