{"id":1140,"date":"2024-01-30T01:27:26","date_gmt":"2024-01-30T01:27:26","guid":{"rendered":"https:\/\/chinese-library.de\/%e7%89%88%e6%9d%83%e5%a3%b0%e6%98%8e\/"},"modified":"2025-02-26T10:47:24","modified_gmt":"2025-02-26T10:47:24","slug":"impressum","status":"publish","type":"page","link":"https:\/\/chinese-library.de\/de\/impressum\/","title":{"rendered":"Impressum"},"content":{"rendered":"<div class=\"wpb-content-wrapper\"><p>[vc_row][vc_column][vc_column_text css=&#8220;&#8220;]<\/p>\n<div id=\"comp-m47o356i\" class=\"HcOXKn c9GqVL QxJLC3 lq2cno YQcXTT comp-m47o356i wixui-rich-text\" data-testid=\"richTextElement\">\n<p><strong>Herausgeber<\/strong><\/p>\n<p>Forum f\u00fcr Mission unter Chinesen in Deutschland e.V. (F.M.C.D.e.V.)<\/p>\n<p>Hamburger Allee 61<br \/>\n30161 Hannover<br \/>\nTelefon: (0511) 66 93 80<br \/>\nE-Mail: fmcd@chinese-library.de<br \/>\nWebsite: www.chinese-library.de<\/p>\n<p>Nummer des Vereinregisters im Amtsgericht Hannover : 6567<\/p>\n<p><strong>Spenden Unter<\/strong><\/p>\n<p>Empf\u00e4nger: F.M.C.D.e.V.<br \/>\nBank: Evangelische Bank (EB)<br \/>\nIBAN: DE77 52060410 0000 616800<br \/>\nBIC: GENODEF1EK1<\/p>\n<p>&nbsp;<\/p>\n<\/div>\n<div data-testid=\"richTextElement\">\n<p><strong>Haftungsausschluss<\/strong><\/p>\n<p>Die bereitgestellten Informationen auf dieser Website wurden sorgf\u00e4ltig gepr\u00fcft und werden regelm\u00e4\u00dfig aktualisiert. Jedoch kann keine Garantie daf\u00fcr \u00fcbernommen werden, dass alle Angaben zu jeder Zeit vollst\u00e4ndig, richtig und in letzter Aktualit\u00e4t dargestellt sind. Dies gilt insbesondere f\u00fcr alle Verbindungen (&#8222;Links&#8220;) zu anderen Websites, auf die direkt oder indirekt verwiesen wird. Alle Angaben k\u00f6nnen ohne vorherige Ank\u00fcndigung ge\u00e4ndert, entfernt oder erg\u00e4nzt werden.<\/p>\n<p>\u00a9 2025 Forum f\u00fcr Mission unter Chinesen in Deutschland e.V.<br \/>\nAlle Rechte vorbehalten. Stand Februar 2025.<\/p>\n<p><strong>Nutzungsbedingungen<\/strong><\/p>\n<p>Die auf unseren Internetseiten enthaltenen Inhalte sind urheberrechtlich gesch\u00fctzt.<br \/>\nF.M.C.D.e.V. gestattet das Herunterladen s\u00e4mtlicher Inhalte auf diesen Internetseiten ausschlie\u00dflich zu privatem, nicht-kommerziellem Gebrauch. Bei Vervielf\u00e4ltigung der Inhalte ist auf die Urheber- und Eigentumsrechte des F.M.C.D.e.V. ausdr\u00fccklich hinzuweisen.<br \/>\nDie Inhalte d\u00fcrfen nicht ver\u00e4ndert und ohne schriftliche Genehmigung des F.M.C.D.e.V. auf anderen Internetseiten oder Rechnern genutzt werden. Die Inhalte d\u00fcrfen nicht f\u00fcr \u00f6ffentliche oder kommerzielle Zwecke vervielf\u00e4ltigt, vorgef\u00fchrt, verbreitet oder anderweitig verwertet werden. Ein Versto\u00df gegen diese Bestimmungen verpflichtet zur sofortigen Vernichtung aller ausgedruckten oder heruntergeladenen Inhalte. Die Geltendmachung weiterer Schadensersatzanspr\u00fcche behalten wir uns vor.<\/p>\n<\/div>\n<div class=\"HcOXKn c9GqVL QxJLC3 lq2cno YQcXTT comp-m47o356i wixui-rich-text\" data-testid=\"richTextElement\"><\/div>\n<p>[\/vc_column_text][\/vc_column][\/vc_row]<\/p>\n<\/div>","protected":false},"excerpt":{"rendered":"<p>[vc_row][vc_column][vc_column_text css=&#8220;&#8220;] Herausgeber Forum f\u00fcr Mission unter Chinesen in Deutschland e.V. (F.M.C.D.e.V.) Hamburger Allee 61 30161 Hannover Telefon: (0511) 66 93 80 E-Mail: fmcd@chinese-library.de Website: www.chinese-library.de Nummer des Vereinregisters im Amtsgericht Hannover : 6567 Spenden Unter Empf\u00e4nger: F.M.C.D.e.V. Bank: Evangelische Bank (EB) IBAN: DE77 52060410 0000 616800 BIC: GENODEF1EK1 &nbsp; Haftungsausschluss Die bereitgestellten Informationen auf [&hellip;]<\/p>\n","protected":false},"author":1,"featured_media":0,"parent":0,"menu_order":0,"comment_status":"closed","ping_status":"open","template":"","meta":{"footnotes":""},"_links":{"self":[{"href":"https:\/\/chinese-library.de\/de\/wp-json\/wp\/v2\/pages\/1140"}],"collection":[{"href":"https:\/\/chinese-library.de\/de\/wp-json\/wp\/v2\/pages"}],"about":[{"href":"https:\/\/chinese-library.de\/de\/wp-json\/wp\/v2\/types\/page"}],"author":[{"embeddable":true,"href":"https:\/\/chinese-library.de\/de\/wp-json\/wp\/v2\/users\/1"}],"replies":[{"embeddable":true,"href":"https:\/\/chinese-library.de\/de\/wp-json\/wp\/v2\/comments?post=1140"}],"version-history":[{"count":6,"href":"https:\/\/chinese-library.de\/de\/wp-json\/wp\/v2\/pages\/1140\/revisions"}],"predecessor-version":[{"id":1648,"href":"https:\/\/chinese-library.de\/de\/wp-json\/wp\/v2\/pages\/1140\/revisions\/1648"}],"wp:attachment":[{"href":"https:\/\/chinese-library.de\/de\/wp-json\/wp\/v2\/media?parent=1140"}],"curies":[{"name":"wp","href":"https:\/\/api.w.org\/{rel}","templated":true}]}}