{"id":1177,"date":"2024-02-01T20:38:02","date_gmt":"2024-02-01T20:38:02","guid":{"rendered":"https:\/\/chinese-library.de\/%e8%af%bb%e8%80%85%e6%9c%8d%e5%8a%a1\/%e5%80%9f%e9%96%b1%e6%96%b9%e6%b3%95\/"},"modified":"2025-07-24T10:40:29","modified_gmt":"2025-07-24T10:40:29","slug":"ausleihe","status":"publish","type":"page","link":"https:\/\/chinese-library.de\/de\/leserservice\/ausleihe\/","title":{"rendered":"Ausleihe"},"content":{"rendered":"<div class=\"wpb-content-wrapper\"><p>[vc_row full_width=&#8220;stretch_row_content_no_spaces&#8220; parallax=&#8220;content-moving&#8220; parallax_image=&#8220;1522&#8243; conditional_render=&#8220;%5B%7B%22value_role%22%3A%22administrator%22%7D%5D&#8220;][vc_column][vc_empty_space height=&#8220;650px&#8220;][\/vc_column][\/vc_row][vc_row css=&#8220;.vc_custom_1708293091172{margin-top: 120px !important;margin-bottom: 60px !important;}&#8220; conditional_render=&#8220;%5B%7B%22value_role%22%3A%22administrator%22%7D%5D&#8220;][vc_column css=&#8220;.vc_custom_1708293489269{margin-bottom: 60px !important;}&#8220; conditional_render=&#8220;%5B%7B%22value_role%22%3A%22administrator%22%7D%5D&#8220;]<div class=\"porto-sicon-box  wpb_custom_1efe903570d178ff0a9b7bfa5febd3a4 style_1 default-icon\"><div class=\"porto-sicon-default\"><div class=\"porto-just-icon-wrapper porto-icon none\" style=\"color:#5cc90c;font-size:32px;\"><i class=\"fas fa-book\"><\/i><\/div><\/div><div class=\"porto-sicon-header\"><h6 class=\"porto-sicon-title\" style=\"\">Ausleihe<\/h6><\/div> <!-- header --><\/div><!-- porto-sicon-box -->[vc_column_text css=&#8220;&#8220;]<\/p>\n<ul>\n<li><strong>Die Bibliothek richtet sich an Chinesen in Europa.<\/strong><\/li>\n<\/ul>\n<ul>\n<li><strong>Registrierung als Leser :<\/strong>\u00a0Sie k\u00f6nnen sich online registrieren. Auch telefonisch (0511 669380), per E-Mail (fmcd@chinese-library.de) oder auf dem Postweg k\u00f6nnen Sie uns Ihren Namen sowie Ihre Adresse und Telefonnummer mitteilen.<\/li>\n<\/ul>\n<ul>\n<li><strong>Ausleihe:<\/strong> B\u00fccher k\u00f6nnen Sie \u00fcber den Online-Ausleihservice sowie telefonisch, per E-Mail oder per Brief ausleihen. Die ausgeliehenen B\u00fccher werden von der Bibliothek an Ihre Adresse geschickt. Je nach Gewicht der B\u00fccher k\u00f6nnen Sie jeweils maximal zwei bis drei Exemplare ausleihen.<\/li>\n<\/ul>\n<ul>\n<li><strong>Leihfrist:<\/strong> Die Leihfrist betr\u00e4gt einen Monat. Sie k\u00f6nnen die Leihfrist zwei Mal um einen Monat verl\u00e4ngern, indem Sie entweder den Online-Verl\u00e4ngerungsservice verwenden oder uns anrufen, eine E-Mail schicken oder einen Brief senden.<\/li>\n<\/ul>\n<ul>\n<li><strong>B\u00fccherr\u00fcckgabe: <\/strong>Bitte verwenden Sie zum Zur\u00fccksenden der B\u00fccher den Aufkleber mit der Adresse unserer Bibliothek, den Sie auf den Originalumschlag kleben sollen. Senden Sie diesen Umschlag zur\u00fcck. Die Kosten f\u00fcr den Versand der zur\u00fcckzusendenden B\u00fccher m\u00fcssen von Ihnen selbst getragen werden*.<\/li>\n<\/ul>\n<p>*Anmerkung:<\/p>\n<p>B\u00fccher und Briefe mit einem Gewicht von weniger als 1000 Gramm k\u00f6nnen an F. M. C. D. e. V., Postfach 2067, 30020 Hannover, geschickt werden.<\/p>\n<p>P\u00e4ckchen und Pakete mit einem Gewicht von mehr als 1000 Gramm senden Sie bitte an F. M. C. D. e. V., Hamburger Allee 61, 30161 Hannover.[\/vc_column_text]<div class=\"porto-btn-ctn-center \"><a class=\"porto-btn  vc_custom_1715766112599 porto-adjust-bottom-margin porto-btn-large porto-btn-bottom-bg   wpb_custom_d2dd394058a811a970d22f58d6021d12  porto-btn-center \" title='\u67e5\u8be2\u8868\u683c' rel='' href = \"https:\/\/chinese-library.de\/%e8%81%94%e7%b3%bb%e6%88%91%e4%bb%ac\/%e6%9f%a5%e8%af%a2%e8%a1%a8%e6%a0%bc\/\"  data-hover=\"\" data-border-color=\"\" data-bg=\"#9ac18c\" data-hover-bg=\"#5cc90c\" data-border-hover=\"\" data-shadow-click=\"none\" data-shadow=\"\" style=\"border:none;background: #9ac18c;color: #ffffff;\"><span class=\"porto-btn-hover\" style=\"background-color:#5cc90c\"><\/span><span class=\"porto-btn-data porto-btn-text \" >\u7acb\u5373\u5411\u6211\u4eec\u67e5\u8be2<\/span><\/a><\/div>[\/vc_column][\/vc_row][vc_row el_id=&#8220;return-fee&#8220; conditional_render=&#8220;%5B%7B%22value_role%22%3A%22administrator%22%7D%5D&#8220; css=&#8220;.vc_custom_1708293481937{margin-top: 60px !important;}&#8220;][vc_column]<div class=\"porto-sicon-box  vc_custom_1717879243865  wpb_custom_1efe903570d178ff0a9b7bfa5febd3a4 style_1 default-icon\"><div class=\"porto-sicon-default\"><div class=\"porto-just-icon-wrapper porto-icon none\" style=\"color:#5cc90c;font-size:32px;\"><i class=\"fas fa-dollar-sign\"><\/i><\/div><\/div><div class=\"porto-sicon-header\"><h6 class=\"porto-sicon-title\" style=\"\">R\u00fccksendungsporto<\/h6><\/div> <!-- header --><\/div><!-- porto-sicon-box -->[\/vc_column][\/vc_row][vc_row][vc_column width=&#8220;1\/2&#8243; css=&#8220;.vc_custom_1708293936963{margin-bottom: 35px !important;}&#8220; conditional_render=&#8220;%5B%7B%22value_role%22%3A%22administrator%22%7D%5D&#8220;]<div class=\"porto-sicon-box  wpb_custom_6bd3ea43243bb56571d580d187f8d1d7 style_2 top-icon\"><div class=\"porto-sicon-top\"><div class=\"porto-just-icon-wrapper porto-icon circle\" style=\"color:#9ac18c;background:#f2f6df;font-size:50px;\"><i class=\"fas fa-book\"><\/i><\/div><\/div><div class=\"porto-sicon-header\"><h3 class=\"porto-sicon-title\" style=\"\">B\u00fccher- und Warensendung<\/h3><\/div> <!-- header --><div class=\"porto-sicon-description\" style=\"\">\n<p style=\"text-align: center;\">bis 1 KG <strong>\u20ac2,70\u00a0 |\u00a0 <\/strong>bis 2 KG <strong>\u20ac3,55<\/strong><\/p>\n<p style=\"text-align: center;\"><strong><span style=\"color: #5cc90c;\"><a style=\"color: #5cc90c;\" href=\"https:\/\/www.deutschepost.de\/de\/w\/buecherundwarensendung.html\" target=\"_blank\" rel=\"noopener\">Lern Mehr<\/a><\/span><\/strong><\/p>\n<p><\/div> <!-- description --><\/div><!-- porto-sicon-box -->[\/vc_column][vc_column width=&#8220;1\/2&#8243; css=&#8220;.vc_custom_1708293941894{margin-bottom: 35px !important;}&#8220; conditional_render=&#8220;%5B%7B%22value_role%22%3A%22administrator%22%7D%5D&#8220;]<div class=\"porto-sicon-box  wpb_custom_6bd3ea43243bb56571d580d187f8d1d7 style_2 top-icon\"><div class=\"porto-sicon-top\"><div class=\"porto-just-icon-wrapper porto-icon circle\" style=\"color:#9ac18c;background:#f2f6df;font-size:50px;\"><i class=\"fas fa-archive\"><\/i><\/div><\/div><div class=\"porto-sicon-header\"><h3 class=\"porto-sicon-title\" style=\"\">P\u00e4ckchen<\/h3><\/div> <!-- header --><div class=\"porto-sicon-description\" style=\"\">\n<p style=\"text-align: center;\">P\u00e4ckchen S (max. 35 x 25 x 10 cm):\u00a0 bis 2 KG\u00a0<strong>\u20ac4,19<\/strong><\/p>\n<p style=\"text-align: center;\">P\u00e4ckchen M (max. 60 x 30 x 15 cm): bis 2 KG <strong>\u20ac5,19<\/strong><\/p>\n<p style=\"text-align: center;\"><strong><span style=\"color: #5cc90c;\"><a style=\"color: #5cc90c;\" href=\"https:\/\/www.dhl.de\/de\/privatkunden\/pakete-versenden\/deutschlandweit-versenden\/paeckchen.html\" target=\"_blank\" rel=\"noopener\">Lern Mehr<\/a><\/span><\/strong><\/p>\n<p><\/div> <!-- description --><\/div><!-- porto-sicon-box -->[\/vc_column][\/vc_row]<\/p>\n<\/div>","protected":false},"excerpt":{"rendered":"<p>[vc_row full_width=&#8220;stretch_row_content_no_spaces&#8220; parallax=&#8220;content-moving&#8220; parallax_image=&#8220;1522&#8243; conditional_render=&#8220;%5B%7B%22value_role%22%3A%22administrator%22%7D%5D&#8220;][vc_column][vc_empty_space height=&#8220;650px&#8220;][\/vc_column][\/vc_row][vc_row css=&#8220;.vc_custom_1708293091172{margin-top: 120px !important;margin-bottom: 60px !important;}&#8220; conditional_render=&#8220;%5B%7B%22value_role%22%3A%22administrator%22%7D%5D&#8220;][vc_column css=&#8220;.vc_custom_1708293489269{margin-bottom: 60px !important;}&#8220; conditional_render=&#8220;%5B%7B%22value_role%22%3A%22administrator%22%7D%5D&#8220;][vc_column_text css=&#8220;&#8220;] Die Bibliothek richtet sich an Chinesen in Europa. Registrierung als Leser :\u00a0Sie k\u00f6nnen sich online registrieren. Auch telefonisch (0511 669380), per E-Mail (fmcd@chinese-library.de) oder auf dem Postweg k\u00f6nnen Sie uns Ihren Namen sowie Ihre Adresse und Telefonnummer mitteilen. [&hellip;]<\/p>\n","protected":false},"author":1,"featured_media":0,"parent":1132,"menu_order":2,"comment_status":"closed","ping_status":"closed","template":"","meta":{"footnotes":""},"_links":{"self":[{"href":"https:\/\/chinese-library.de\/de\/wp-json\/wp\/v2\/pages\/1177"}],"collection":[{"href":"https:\/\/chinese-library.de\/de\/wp-json\/wp\/v2\/pages"}],"about":[{"href":"https:\/\/chinese-library.de\/de\/wp-json\/wp\/v2\/types\/page"}],"author":[{"embeddable":true,"href":"https:\/\/chinese-library.de\/de\/wp-json\/wp\/v2\/users\/1"}],"replies":[{"embeddable":true,"href":"https:\/\/chinese-library.de\/de\/wp-json\/wp\/v2\/comments?post=1177"}],"version-history":[{"count":12,"href":"https:\/\/chinese-library.de\/de\/wp-json\/wp\/v2\/pages\/1177\/revisions"}],"predecessor-version":[{"id":1715,"href":"https:\/\/chinese-library.de\/de\/wp-json\/wp\/v2\/pages\/1177\/revisions\/1715"}],"up":[{"embeddable":true,"href":"https:\/\/chinese-library.de\/de\/wp-json\/wp\/v2\/pages\/1132"}],"wp:attachment":[{"href":"https:\/\/chinese-library.de\/de\/wp-json\/wp\/v2\/media?parent=1177"}],"curies":[{"name":"wp","href":"https:\/\/api.w.org\/{rel}","templated":true}]}}