{"id":1186,"date":"2024-02-01T20:34:15","date_gmt":"2024-02-01T20:34:15","guid":{"rendered":"https:\/\/chinese-library.de\/%e8%81%94%e7%b3%bb%e6%88%91%e4%bb%ac\/"},"modified":"2025-12-23T09:53:46","modified_gmt":"2025-12-23T09:53:46","slug":"kontakt","status":"publish","type":"page","link":"https:\/\/chinese-library.de\/de\/kontakt\/","title":{"rendered":"Kontaktieren Sie uns"},"content":{"rendered":"<div class=\"wpb-content-wrapper\"><p>[vc_row full_width=&#8220;stretch_row_content_no_spaces&#8220; parallax=&#8220;content-moving&#8220; parallax_image=&#8220;1451&#8243; conditional_render=&#8220;%5B%7B%22value_role%22%3A%22administrator%22%7D%5D&#8220;][vc_column][vc_empty_space height=&#8220;650px&#8220;][\/vc_column][\/vc_row][vc_row][vc_column width=&#8220;2\/3&#8243;]<div class=\"porto-sicon-box  wpb_custom_1efe903570d178ff0a9b7bfa5febd3a4 style_1 default-icon\"><div class=\"porto-sicon-default\"><div class=\"porto-just-icon-wrapper porto-sicon-img  porto-icon-9f5d1cfb45d27d96b50bf473aebba227\" style=\"font-size: 35px;\"><img class=\"img-icon\" alt=\"\" src=\"https:\/\/chinese-library.de\/wp-content\/uploads\/2024\/02\/info.png\" width=\"38\" height=\"38\" \/><\/div><\/div><div class=\"porto-sicon-header\"><h6 class=\"porto-sicon-title\" style=\"\">Bibliothek Kontakt<\/h6><\/div> <!-- header --><\/div><!-- porto-sicon-box -->[vc_column_text css=&#8220;&#8220;]<span style=\"color: #9ac18c;\">Telefon:<\/span> +49 511 669 380<\/p>\n<p><span style=\"color: #9ac18c;\">Mobil:<\/span> +49 174 8179 967<\/p>\n<p><span style=\"color: #9ac18c;\">E-Mail:<\/span> fmcd@chinese-library.de oder fmcdev@t-online.de<\/p>\n<p><span style=\"color: #9ac18c;\"> <\/span><a href=\"https:\/\/wa.me\/491748179967\"><img decoding=\"async\" loading=\"lazy\" class=\"alignnone wp-image-1655\" src=\"https:\/\/chinese-library.de\/wp-content\/uploads\/2025\/04\/WhatsAppButtonGreenSmall-300x68.png\" alt=\"\" width=\"120\" height=\"27\"><\/a>[\/vc_column_text][vc_empty_space height=&#8220;60px&#8220; el_id=&#8220;opening-hrs&#8220;]<div class=\"porto-sicon-box  wpb_custom_1efe903570d178ff0a9b7bfa5febd3a4 style_1 default-icon\"><div class=\"porto-sicon-default\"><div class=\"porto-just-icon-wrapper porto-icon none\" style=\"color:#5cc90c;font-size:38px;\"><i class=\"far fa-clock\"><\/i><\/div><\/div><div class=\"porto-sicon-header\"><h6 class=\"porto-sicon-title\" style=\"\">\u00d6ffnungszeiten (Gesch\u00e4ft, Bank, Restaurant)<\/h6><\/div> <!-- header --><\/div><!-- porto-sicon-box -->[vc_column_text css=&#8220;&#8220;]<span style=\"color: #9ac18c;\">\u00d6ffnungszeiten der Bibliothek f\u00fcr Besucher:<\/span><\/p>\n<p>Montag bis Freitag: 9:30 ~ 17:00, Sie k\u00f6nnen auch gerne zu anderen Zeiten nach Vereinbarung kommen!<\/p>\n<p>Bitte beachten Sie die \u00d6ffnungszeiten am 24. Dezember und 31. Dezember: 9:30 ~ 12:30<\/p>\n<p>Die Bibliothek ist am 29. Dezember geschlossen.<\/p>\n<p>Wir w\u00fcnschen Ihnen Frohe Weihnachten![\/vc_column_text][vc_empty_space height=&#8220;60px&#8220; el_id=&#8220;transportation&#8220;]<div class=\"porto-sicon-box  wpb_custom_1efe903570d178ff0a9b7bfa5febd3a4 style_1 default-icon\"><div class=\"porto-sicon-default\"><div class=\"porto-just-icon-wrapper porto-sicon-img  porto-icon-9f5d1cfb45d27d96b50bf473aebba227\" style=\"font-size: 35px;\"><img class=\"img-icon\" alt=\"\" src=\"https:\/\/chinese-library.de\/wp-content\/uploads\/2024\/02\/bus.png\" width=\"31\" height=\"36\" \/><\/div><\/div><div class=\"porto-sicon-header\"><h6 class=\"porto-sicon-title\" style=\"\">Verkehrsrichtlinien<\/h6><\/div> <!-- header --><\/div><!-- porto-sicon-box -->[vc_column_text css=&#8220;&#8220;][\/vc_column_text][vc_column_text el_class=&#8220;hightlight-box&#8220;]<a href=\"https:\/\/maps.app.goo.gl\/jNEiX5F9LJEUD88g8\" target=\"_blank\" rel=\"noopener\">F.M.C.D.e.V., Hamburger Allee 61, 30161 Hannover (2.Etage)  <i class=\"fas fa-map-marker-alt\"><\/i><\/a>[\/vc_column_text][vc_column_text css=&#8220;&#8220;]<span style=\"color: #9ac18c;\">Wandern.<\/span><\/p>\n<ul>\n<li>Verlassen Sie den Bahnhof durch den Seiteneingang auf der rechten Seite des B\u00fcrgerk\u00f6nigs (Ausgang ZOB), gehen Sie durch das Kauflandtor zur Hamburger Allee, biegen Sie links ab und gehen Sie geradeaus bis zur Hausnummer 61 (ca. 12 Minuten).<\/li>\n<\/ul>\n<p><span style=\"color: #9ac18c;\">Mit dem Bus.<\/span><\/p>\n<ul>\n<li>Bus Nr. 300: <img decoding=\"async\" loading=\"lazy\" class=\"alignnone wp-image-1189\" src=\"https:\/\/chinese-library.de\/wp-content\/uploads\/2024\/06\/H.png\" alt=\"\" width=\"24\" height=\"24\">Hannover, Hauptbahnhof\/ZOB <strong>\u2192<\/strong> <img decoding=\"async\" loading=\"lazy\" class=\"alignnone wp-image-1189\" src=\"https:\/\/chinese-library.de\/wp-content\/uploads\/2024\/06\/H.png\" alt=\"\" width=\"24\" height=\"24\">Welfenstr. (eine Haltestelle) <\/li>\n<\/ul>\n<p>vielleicht<\/p>\n<ul>\n<li>U1\/U2 (Richtung Langenhagen\/Alte Heide) : <img decoding=\"async\" loading=\"lazy\" class=\"alignnone wp-image-1189\" src=\"https:\/\/chinese-library.de\/wp-content\/uploads\/2024\/06\/H.png\" alt=\"\" width=\"24\" height=\"24\">Hannover, Hauptbahnhof <strong> \u2192<\/strong> <img decoding=\"async\" loading=\"lazy\" class=\"alignnone wp-image-1189\" src=\"https:\/\/chinese-library.de\/wp-content\/uploads\/2024\/06\/H.png\" alt=\"\" width=\"24\" height=\"24\">Werdestr. (eine Haltestelle), dann kehren Sie um und gehen ca. 450 Meter (ca. 6 Minuten). <\/li>\n<\/ul>\n<p><a href=\"https:\/\/www.uestra.de\/fahrplan\/auskunft\/\">https:\/\/www.uestra.de\/fahrplan\/auskunft\/<\/a>[\/vc_column_text][\/vc_column][vc_column width=&#8220;1\/3&#8243; is_sticky=&#8220;yes&#8220; sticky_min_width=&#8220;767&#8243; sticky_top=&#8220;110&#8243; sticky_bottom=&#8220;0&#8243; conditional_render=&#8220;%5B%7B%22value_role%22%3A%22administrator%22%7D%5D&#8220;][vc_row_inner css=&#8220;.vc_custom_1708286550755{border-radius: 15px !important;}&#8220;][vc_column_inner el_class=&#8220;help-box&#8220;]<div class=\"porto-sicon-box  wpb_custom_60d24f4d8d75675828590b7cacf8b2b5 style_1 top-icon\"><div class=\"porto-sicon-top\"><div class=\"porto-just-icon-wrapper porto-icon none\" style=\"color:#5cc90c;font-size:50px;\"><i class=\"far fa-question-circle\"><\/i><\/div><\/div><div class=\"porto-sicon-header\"><h3 class=\"porto-sicon-title\" style=\"color:#5cc90c;\">Brauchen Sie Hilfe?<\/h3><\/div> <!-- header --><div class=\"porto-sicon-description\" style=\"\">Sie sind jederzeit herzlich eingeladen, uns zu kontaktieren!<\/div> <!-- description --><\/div><!-- porto-sicon-box --><div class=\"porto-btn-ctn-center \"><a class=\"porto-btn  vc_custom_1708287146609 porto-adjust-bottom-margin porto-btn-large porto-btn-bottom-bg   wpb_custom_d2dd394058a811a970d22f58d6021d12  porto-btn-center \" title='\u5fb7\u56fd\u534e\u4eba\u57fa\u7763\u5f92\u8054\u7cfb' rel='' href = \"https:\/\/chinese-library.de\/%e8%81%94%e7%b3%bb%e6%88%91%e4%bb%ac\/%e6%9f%a5%e8%af%a2%e8%a1%a8%e6%a0%bc\/\"  data-hover=\"\" data-border-color=\"\" data-bg=\"#9ac18c\" data-hover-bg=\"#5cc90c\" data-border-hover=\"\" data-shadow-click=\"none\" data-shadow=\"\" style=\"border:none;background: #9ac18c;color: #ffffff;\"><span class=\"porto-btn-hover\" style=\"background-color:#5cc90c\"><\/span><span class=\"porto-btn-data porto-btn-text \" >Anfrage-Formular<\/span><\/a><\/div>[\/vc_column_inner][\/vc_row_inner][\/vc_column][\/vc_row]<\/p>\n<\/div>","protected":false},"excerpt":{"rendered":"<p>[vc_row full_width=&#8220;stretch_row_content_no_spaces&#8220; parallax=&#8220;content-moving&#8220; parallax_image=&#8220;1451&#8243; conditional_render=&#8220;%5B%7B%22value_role%22%3A%22administrator%22%7D%5D&#8220;][vc_column][vc_empty_space height=&#8220;650px&#8220;][\/vc_column][\/vc_row][vc_row][vc_column width=&#8220;2\/3&#8243;][vc_column_text css=&#8220;&#8220;]Telefon: +49 511 669 380 Mobil: +49 174 8179 967 E-Mail: fmcd@chinese-library.de oder fmcdev@t-online.de [\/vc_column_text][vc_empty_space height=&#8220;60px&#8220; el_id=&#8220;opening-hrs&#8220;][vc_column_text css=&#8220;&#8220;]\u00d6ffnungszeiten der Bibliothek f\u00fcr Besucher: Montag bis Freitag: 9:30 ~ 17:00, Sie k\u00f6nnen auch gerne zu anderen Zeiten nach Vereinbarung kommen! Bitte beachten Sie die \u00d6ffnungszeiten am 24. Dezember und 31. [&hellip;]<\/p>\n","protected":false},"author":1,"featured_media":0,"parent":0,"menu_order":4,"comment_status":"closed","ping_status":"closed","template":"","meta":{"footnotes":""},"_links":{"self":[{"href":"https:\/\/chinese-library.de\/de\/wp-json\/wp\/v2\/pages\/1186"}],"collection":[{"href":"https:\/\/chinese-library.de\/de\/wp-json\/wp\/v2\/pages"}],"about":[{"href":"https:\/\/chinese-library.de\/de\/wp-json\/wp\/v2\/types\/page"}],"author":[{"embeddable":true,"href":"https:\/\/chinese-library.de\/de\/wp-json\/wp\/v2\/users\/1"}],"replies":[{"embeddable":true,"href":"https:\/\/chinese-library.de\/de\/wp-json\/wp\/v2\/comments?post=1186"}],"version-history":[{"count":22,"href":"https:\/\/chinese-library.de\/de\/wp-json\/wp\/v2\/pages\/1186\/revisions"}],"predecessor-version":[{"id":1781,"href":"https:\/\/chinese-library.de\/de\/wp-json\/wp\/v2\/pages\/1186\/revisions\/1781"}],"wp:attachment":[{"href":"https:\/\/chinese-library.de\/de\/wp-json\/wp\/v2\/media?parent=1186"}],"curies":[{"name":"wp","href":"https:\/\/api.w.org\/{rel}","templated":true}]}}