{"id":1192,"date":"2024-02-01T20:41:14","date_gmt":"2024-02-01T20:41:14","guid":{"rendered":"https:\/\/chinese-library.de\/%e8%81%94%e7%b3%bb%e6%88%91%e4%bb%ac\/%e6%9f%a5%e8%af%a2%e8%a1%a8%e6%a0%bc\/"},"modified":"2025-07-24T09:03:17","modified_gmt":"2025-07-24T09:03:17","slug":"kontaktformular","status":"publish","type":"page","link":"https:\/\/chinese-library.de\/de\/kontakt\/kontaktformular\/","title":{"rendered":"Kontaktformular"},"content":{"rendered":"<div class=\"wpb-content-wrapper\"><p>[vc_row full_width=&#8220;stretch_row_content_no_spaces&#8220; conditional_render=&#8220;%5B%7B%22value_role%22%3A%22administrator%22%7D%5D&#8220;][vc_column]<div class=\"porto-ibanner interactive-banner-wrap-07dd21040fa50768c9d370ae74e47015 has-parallax-bg\" style=\"min-height:650px;\" data-plugin-parallax data-plugin-options=\"{&quot;speed&quot;:&quot;1.5&quot;}\" data-image-src=\"https:\/\/chinese-library.de\/wp-content\/uploads\/2025\/02\/book-1836380-scaled.jpg\"><img alt=\"\" width=\"2560\" height=\"1707\" class=\"porto-ibanner-img\" src=\"https:\/\/chinese-library.de\/wp-content\/uploads\/2025\/02\/book-1836380-scaled.jpg\" srcset=\"https:\/\/chinese-library.de\/wp-content\/uploads\/2025\/02\/book-1836380-scaled.jpg 2560w, https:\/\/chinese-library.de\/wp-content\/uploads\/2025\/02\/book-1836380-1024x683.jpg 1024w, https:\/\/chinese-library.de\/wp-content\/uploads\/2025\/02\/book-1836380-1536x1024.jpg 1536w, https:\/\/chinese-library.de\/wp-content\/uploads\/2025\/02\/book-1836380-2048x1365.jpg 2048w\" sizes=\"(max-width: 2560px) 100vw, 2560px\"><div class=\"porto-ibanner-desc no-padding d-flex\"><div class=\"container\"><div class=\"porto-ibanner-container\"><div class=\"porto-ibanner-layer wpb_custom_2c5109c031829f9c54153ed0e6239ff6 banner-pos-f6356757d4f73384a3f5bc65723ae83a\" style=\"width:90%;\">[vc_column_text css=&#8220;&#8220; el_class=&#8220;inner-banner-text&#8220;]<\/p>\n<h1 class=\"LC20lb MBeuO DKV0Md\" style=\"text-align: center;\">Wir freuen uns auf Ihre Anfrage!<\/h1>\n<p style=\"text-align: center;\">Rufen Sie uns an (0511 669380) oder schreiben Sie uns eine Nachricht!<\/p>\n<p>[\/vc_column_text]<style>.banner-pos-f6356757d4f73384a3f5bc65723ae83a {left: 50%;right: unset;top: 50%;bottom: unset;transform: translate(-50%, -50%);}<\/style><\/div><\/div><\/div><\/div><\/div>[\/vc_column][\/vc_row][vc_row][vc_column][vc_empty_space height=&#8220;60px&#8220;][vc_column_text css=&#8220;&#8220;]Ben\u00f6tigen Sie chinesisches Material oder m\u00f6chten Sie mehr Informationen? Haben Sie Fragen an uns? Oder m\u00f6chten Sie uns etwas sagen? F\u00fcllen Sie das Formular einfach aus, und wir melden uns bei Ihnen.<\/p>\n<p>Falls Sie postalisch von uns kontaktiert werden m\u00f6chten, tragen Sie bitte auch Ihre Adresse in die entsprechenden Felder ein.[\/vc_column_text][vc_empty_space height=&#8220;60px&#8220;]\n<div class=\"wpcf7 no-js\" id=\"wpcf7-f1343-o1\" lang=\"zh-CN\" dir=\"ltr\">\n<div class=\"screen-reader-response\"><p role=\"status\" aria-live=\"polite\" aria-atomic=\"true\"><\/p> <ul><\/ul><\/div>\n<form action=\"\/de\/wp-json\/wp\/v2\/pages\/1192#wpcf7-f1343-o1\" method=\"post\" class=\"wpcf7-form init\" aria-label=\"\u7559\u8a00\u8868\u5355\" novalidate=\"novalidate\" data-status=\"init\">\n<div style=\"display: none;\">\n<input type=\"hidden\" name=\"_wpcf7\" value=\"1343\" \/>\n<input type=\"hidden\" name=\"_wpcf7_version\" value=\"5.7.7\" \/>\n<input type=\"hidden\" name=\"_wpcf7_locale\" value=\"zh_CN\" \/>\n<input type=\"hidden\" name=\"_wpcf7_unit_tag\" value=\"wpcf7-f1343-o1\" \/>\n<input type=\"hidden\" name=\"_wpcf7_container_post\" value=\"0\" \/>\n<input type=\"hidden\" name=\"_wpcf7_posted_data_hash\" value=\"\" \/>\n<input type=\"hidden\" name=\"_wpcf7_recaptcha_response\" value=\"\" \/>\n<\/div>\n<div class=\"enquiry-form row\">\n\t<div class=\"col-lg-6 col-sm-12 left-col\">\n\t\t<div class=\"form-session-title\">\n\t\t\t<p><i class=\"fas fa-info-circle\"><\/i> Kontaktdaten\n\t\t\t<\/p>\n\t\t<\/div>\n\t\t<div class=\"row\">\n\t\t\t<div class=\"col-lg-6 col-sm-12 inner-left-col\">\n\t\t\t\t<h5>ANREDE\n\t\t\t\t<\/h5>\n\t\t\t\t<p><span class=\"wpcf7-form-control-wrap\" data-name=\"pronoun\"><select class=\"wpcf7-form-control wpcf7-select wpcf7-validates-as-required\" aria-required=\"true\" aria-invalid=\"false\" name=\"pronoun\"><option value=\"Frau\">Frau<\/option><option value=\"Herr\">Herr<\/option><\/select><\/span>\n\t\t\t\t<\/p>\n\t\t\t<\/div>\n\t\t\t<div class=\"col-lg-6 col-sm-12 inner-right-col\">\n\t\t\t\t<h5>NAME (CHINESISCH)\n\t\t\t\t<\/h5>\n\t\t\t\t<p><span class=\"wpcf7-form-control-wrap\" data-name=\"name-ch\"><input size=\"40\" class=\"wpcf7-form-control wpcf7-text\" aria-invalid=\"false\" value=\"\" type=\"text\" name=\"name-ch\" \/><\/span>\n\t\t\t\t<\/p>\n\t\t\t<\/div>\n\t\t<\/div>\n\t\t<div class=\"row\">\n\t\t\t<div class=\"col-lg-6 col-sm-12 inner-left-col\">\n\t\t\t\t<h5>VORNAME *\n\t\t\t\t<\/h5>\n\t\t\t\t<p><span class=\"wpcf7-form-control-wrap\" data-name=\"name-py\"><input size=\"40\" class=\"wpcf7-form-control wpcf7-text wpcf7-validates-as-required\" aria-required=\"true\" aria-invalid=\"false\" value=\"\" type=\"text\" name=\"name-py\" \/><\/span>\n\t\t\t\t<\/p>\n\t\t\t<\/div>\n\t\t\t<div class=\"col-lg-6 col-sm-12 inner-right-col\">\n\t\t\t\t<h5>NACHNAME *\n\t\t\t\t<\/h5>\n\t\t\t\t<p><span class=\"wpcf7-form-control-wrap\" data-name=\"surname-cpy\"><input size=\"40\" class=\"wpcf7-form-control wpcf7-text wpcf7-validates-as-required\" aria-required=\"true\" aria-invalid=\"false\" value=\"\" type=\"text\" name=\"surname-cpy\" \/><\/span>\n\t\t\t\t<\/p>\n\t\t\t<\/div>\n\t\t<\/div>\n\t\t<div class=\"row\">\n\t\t\t<h5>EMAILADRESSE *\n\t\t\t<\/h5>\n\t\t\t<p><span class=\"wpcf7-form-control-wrap\" data-name=\"email-963\"><input size=\"40\" class=\"wpcf7-form-control wpcf7-text wpcf7-email wpcf7-validates-as-required wpcf7-validates-as-email\" aria-required=\"true\" aria-invalid=\"false\" value=\"\" type=\"email\" name=\"email-963\" \/><\/span>\n\t\t\t<\/p>\n\t\t<\/div>\n\t\t<div class=\"row\">\n\t\t\t<div class=\"col-lg-6 col-sm-12 inner-left-col\">\n\t\t\t\t<h5>TEL. (FESTNETZ)\n\t\t\t\t<\/h5>\n\t\t\t\t<p><span class=\"wpcf7-form-control-wrap\" data-name=\"tel\"><input size=\"40\" class=\"wpcf7-form-control wpcf7-text wpcf7-tel wpcf7-validates-as-tel\" aria-invalid=\"false\" value=\"\" type=\"tel\" name=\"tel\" \/><\/span>\n\t\t\t\t<\/p>\n\t\t\t<\/div>\n\t\t\t<div class=\"col-lg-6 col-sm-12 inner-right-col\">\n\t\t\t\t<h5>TEL. (MOBIL)\n\t\t\t\t<\/h5>\n\t\t\t\t<p><span class=\"wpcf7-form-control-wrap\" data-name=\"phone\"><input size=\"40\" class=\"wpcf7-form-control wpcf7-text wpcf7-tel wpcf7-validates-as-tel\" aria-invalid=\"false\" value=\"\" type=\"tel\" name=\"phone\" \/><\/span>\n\t\t\t\t<\/p>\n\t\t\t<\/div>\n\t\t<\/div>\n\t\t<div class=\"row\">\n\t\t\t<h5>ADRESSE\n\t\t\t<\/h5>\n\t\t\t<p><span class=\"wpcf7-form-control-wrap\" data-name=\"address\"><textarea cols=\"40\" rows=\"10\" class=\"wpcf7-form-control wpcf7-textarea\" aria-invalid=\"false\" name=\"address\"><\/textarea><\/span>\n\t\t\t<\/p>\n\t\t<\/div>\n\t<\/div>\n\t<div class=\"col-lg-6 col-sm-12 right-col\">\n\t\t<div class=\"form-session-title\">\n\t\t\t<p><i class=\"fas fa-question-circle\"><\/i> Anfrage\n\t\t\t<\/p>\n\t\t<\/div>\n\t\t<div class=\"row\">\n\t\t\t<h5>BETREFF *\n\t\t\t<\/h5>\n\t\t\t<p><span class=\"wpcf7-form-control-wrap\" data-name=\"title\"><input size=\"40\" class=\"wpcf7-form-control wpcf7-text wpcf7-validates-as-required\" aria-required=\"true\" aria-invalid=\"false\" value=\"\" type=\"text\" name=\"title\" \/><\/span>\n\t\t\t<\/p>\n\t\t<\/div>\n\t\t<div class=\"row\">\n\t\t\t<h5>ANLIEGEN *\n\t\t\t<\/h5>\n\t\t\t<p><span class=\"wpcf7-form-control-wrap\" data-name=\"enquiries\"><span class=\"wpcf7-form-control wpcf7-checkbox wpcf7-validates-as-required\"><span class=\"wpcf7-list-item first\"><label><input type=\"checkbox\" name=\"enquiries[]\" value=\"ALLGEMEINE ANFRAGE\" \/><span class=\"wpcf7-list-item-label\">ALLGEMEINE ANFRAGE<\/span><\/label><\/span><span class=\"wpcf7-list-item last\"><label><input type=\"checkbox\" name=\"enquiries[]\" value=\"BESTELLUNG\" \/><span class=\"wpcf7-list-item-label\">BESTELLUNG<\/span><\/label><\/span><\/span><\/span>\n\t\t\t<\/p>\n\t\t<\/div>\n\t\t<div class=\"row\">\n\t\t\t<h5>NACHRICHT*\n\t\t\t<\/h5>\n\t\t\t<p><span class=\"wpcf7-form-control-wrap\" data-name=\"msg\"><textarea cols=\"40\" rows=\"10\" class=\"wpcf7-form-control wpcf7-textarea wpcf7-validates-as-required\" aria-required=\"true\" aria-invalid=\"false\" name=\"msg\"><\/textarea><\/span>\n\t\t\t<\/p>\n\t\t<\/div>\n\t<\/div>\n\t<div class=\"row tnc\">\n\t\t<h6>\n\t\t<\/h6>\n\t\t<p><span class=\"wpcf7-form-control-wrap\" data-name=\"acceptance-547\"><span class=\"wpcf7-form-control wpcf7-acceptance\"><span class=\"wpcf7-list-item\"><label><input type=\"checkbox\" name=\"acceptance-547\" value=\"1\" aria-invalid=\"false\" \/><span class=\"wpcf7-list-item-label\">*Ich habe die Datenschutzhinweis zur Kenntnis genommen.<\/span><\/label><\/span><\/span><\/span>\n\t\t<\/p>\n\t<\/div>\n<\/div>\n<div class=\"row submit-row\">\n\t<div class=\"col-12\">\n\t\t<p><input class=\"wpcf7-form-control has-spinner wpcf7-submit\" type=\"submit\" value=\"Absenden\" \/>\n\t\t<\/p>\n\t<\/div>\n<\/div>\n\n<p style=\"display: none !important;\" class=\"akismet-fields-container\" data-prefix=\"_wpcf7_ak_\"><label>&#916;<textarea name=\"_wpcf7_ak_hp_textarea\" cols=\"45\" rows=\"8\" maxlength=\"100\"><\/textarea><\/label><input type=\"hidden\" id=\"ak_js_1\" name=\"_wpcf7_ak_js\" value=\"150\"\/><script>document.getElementById( \"ak_js_1\" ).setAttribute( \"value\", ( new Date() ).getTime() );<\/script><\/p><div class=\"wpcf7-response-output\" aria-hidden=\"true\"><\/div>\n<\/form>\n<\/div>\n[\/vc_column][\/vc_row]<\/p>\n<\/div>","protected":false},"excerpt":{"rendered":"<p>[vc_row full_width=&#8220;stretch_row_content_no_spaces&#8220; conditional_render=&#8220;%5B%7B%22value_role%22%3A%22administrator%22%7D%5D&#8220;][vc_column][\/vc_column][\/vc_row][vc_row][vc_column][vc_empty_space height=&#8220;60px&#8220;][vc_column_text css=&#8220;&#8220;]Ben\u00f6tigen Sie chinesisches Material oder m\u00f6chten Sie mehr Informationen? Haben Sie Fragen an uns? Oder m\u00f6chten Sie uns etwas sagen? F\u00fcllen Sie das Formular einfach aus, und wir melden uns bei Ihnen. Falls Sie postalisch von uns kontaktiert werden m\u00f6chten, tragen Sie bitte auch Ihre Adresse in die entsprechenden Felder ein.[\/vc_column_text][vc_empty_space [&hellip;]<\/p>\n","protected":false},"author":1,"featured_media":0,"parent":1186,"menu_order":2,"comment_status":"closed","ping_status":"closed","template":"","meta":{"footnotes":""},"_links":{"self":[{"href":"https:\/\/chinese-library.de\/de\/wp-json\/wp\/v2\/pages\/1192"}],"collection":[{"href":"https:\/\/chinese-library.de\/de\/wp-json\/wp\/v2\/pages"}],"about":[{"href":"https:\/\/chinese-library.de\/de\/wp-json\/wp\/v2\/types\/page"}],"author":[{"embeddable":true,"href":"https:\/\/chinese-library.de\/de\/wp-json\/wp\/v2\/users\/1"}],"replies":[{"embeddable":true,"href":"https:\/\/chinese-library.de\/de\/wp-json\/wp\/v2\/comments?post=1192"}],"version-history":[{"count":9,"href":"https:\/\/chinese-library.de\/de\/wp-json\/wp\/v2\/pages\/1192\/revisions"}],"predecessor-version":[{"id":1698,"href":"https:\/\/chinese-library.de\/de\/wp-json\/wp\/v2\/pages\/1192\/revisions\/1698"}],"up":[{"embeddable":true,"href":"https:\/\/chinese-library.de\/de\/wp-json\/wp\/v2\/pages\/1186"}],"wp:attachment":[{"href":"https:\/\/chinese-library.de\/de\/wp-json\/wp\/v2\/media?parent=1192"}],"curies":[{"name":"wp","href":"https:\/\/api.w.org\/{rel}","templated":true}]}}